{"id":1260,"date":"2025-06-03T15:47:28","date_gmt":"2025-06-03T18:47:28","guid":{"rendered":"https:\/\/congressodeclinicas.com.br\/4cicm\/?page_id=1260"},"modified":"2025-09-17T15:16:16","modified_gmt":"2025-09-17T18:16:16","slug":"redirecionamento","status":"publish","type":"page","link":"https:\/\/congressodeclinicas.com.br\/4cicm\/redirecionamento\/","title":{"rendered":"Redirecionamento"},"content":{"rendered":"\t\t<div data-elementor-type=\"wp-page\" data-elementor-id=\"1260\" class=\"elementor elementor-1260\" data-elementor-post-type=\"page\">\n\t\t\t\t<div class=\"elementor-element elementor-element-6dcfd5c8 e-flex e-con-boxed e-con e-parent\" data-id=\"6dcfd5c8\" data-element_type=\"container\" data-e-type=\"container\" data-settings=\"{&quot;background_background&quot;:&quot;classic&quot;}\">\n\t\t\t\t\t<div class=\"e-con-inner\">\n\t\t<div class=\"elementor-element elementor-element-58133c8f e-con-full e-flex e-con e-child\" data-id=\"58133c8f\" data-element_type=\"container\" data-e-type=\"container\" data-settings=\"{&quot;background_background&quot;:&quot;classic&quot;}\">\n\t\t\t\t<div class=\"elementor-element elementor-element-258be12e elementor-widget elementor-widget-heading\" data-id=\"258be12e\" data-element_type=\"widget\" data-e-type=\"widget\" data-widget_type=\"heading.default\">\n\t\t\t\t<div class=\"elementor-widget-container\">\n\t\t\t\t\t<h6 class=\"elementor-heading-title elementor-size-default\">Voc\u00ea ser\u00e1 redirecionado<\/h6>\t\t\t\t<\/div>\n\t\t\t\t<\/div>\n\t\t\t\t<div class=\"elementor-element elementor-element-4bdbcb4e elementor-invisible elementor-widget elementor-widget-heading\" data-id=\"4bdbcb4e\" data-element_type=\"widget\" data-e-type=\"widget\" data-settings=\"{&quot;_animation&quot;:&quot;fadeInDown&quot;,&quot;_animation_delay&quot;:200}\" data-widget_type=\"heading.default\">\n\t\t\t\t<div class=\"elementor-widget-container\">\n\t\t\t\t\t<h2 class=\"elementor-heading-title elementor-size-default\">Voc\u00ea est\u00e1 sendo redirecionado para um de nossos especialistas.<\/h2>\t\t\t\t<\/div>\n\t\t\t\t<\/div>\n\t\t\t\t<div class=\"elementor-element elementor-element-4ffa018 elementor-invisible elementor-widget elementor-widget-image\" data-id=\"4ffa018\" data-element_type=\"widget\" data-e-type=\"widget\" data-settings=\"{&quot;_animation&quot;:&quot;fadeIn&quot;,&quot;_animation_delay&quot;:1000}\" data-widget_type=\"image.default\">\n\t\t\t\t<div class=\"elementor-widget-container\">\n\t\t\t\t\t\t\t\t\t\t\t\t\t\t\t<img fetchpriority=\"high\" decoding=\"async\" width=\"320\" height=\"240\" src=\"https:\/\/congressodeclinicas.com.br\/4cicm\/wp-content\/uploads\/2025\/06\/carregando.gif\" class=\"attachment-full size-full wp-image-1262\" alt=\"\" \/>\t\t\t\t\t\t\t\t\t\t\t\t\t\t\t<\/div>\n\t\t\t\t<\/div>\n\t\t\t\t<div class=\"elementor-element elementor-element-47921a52 animated-slow elementor-invisible elementor-widget elementor-widget-heading\" data-id=\"47921a52\" data-element_type=\"widget\" data-e-type=\"widget\" data-settings=\"{&quot;_animation&quot;:&quot;flash&quot;,&quot;_animation_delay&quot;:2000}\" data-widget_type=\"heading.default\">\n\t\t\t\t<div class=\"elementor-widget-container\">\n\t\t\t\t\t<div class=\"elementor-heading-title elementor-size-default\">Aguarde um momento...<\/div>\t\t\t\t<\/div>\n\t\t\t\t<\/div>\n\t\t\t\t<div class=\"elementor-element elementor-element-846a5f8 elementor-widget elementor-widget-spacer\" data-id=\"846a5f8\" data-element_type=\"widget\" data-e-type=\"widget\" data-widget_type=\"spacer.default\">\n\t\t\t\t<div class=\"elementor-widget-container\">\n\t\t\t\t\t\t\t<div class=\"elementor-spacer\">\n\t\t\t<div class=\"elementor-spacer-inner\"><\/div>\n\t\t<\/div>\n\t\t\t\t\t\t<\/div>\n\t\t\t\t<\/div>\n\t\t\t\t<div class=\"elementor-element elementor-element-6d0095cc animated-slow elementor-invisible elementor-widget elementor-widget-button\" data-id=\"6d0095cc\" data-element_type=\"widget\" data-e-type=\"widget\" data-settings=\"{&quot;_animation&quot;:&quot;shake&quot;,&quot;_animation_delay&quot;:7000}\" data-widget_type=\"button.default\">\n\t\t\t\t<div class=\"elementor-widget-container\">\n\t\t\t\t\t\t\t\t\t<div class=\"elementor-button-wrapper\">\n\t\t\t\t\t<a class=\"elementor-button elementor-button-link elementor-size-sm\" href=\"https:\/\/wa.me\/5562981690571?text=Fazer%20minha%20inscri\u00e7\u00e3o%20para%202026.\" target=\"_blank\">\n\t\t\t\t\t\t<span class=\"elementor-button-content-wrapper\">\n\t\t\t\t\t\t\t\t\t<span class=\"elementor-button-text\">Iniciar Conversa Agora<\/span>\n\t\t\t\t\t<\/span>\n\t\t\t\t\t<\/a>\n\t\t\t\t<\/div>\n\t\t\t\t\t\t\t\t<\/div>\n\t\t\t\t<\/div>\n\t\t\t\t<div class=\"elementor-element elementor-element-2fcba61 elementor-invisible elementor-widget elementor-widget-text-editor\" data-id=\"2fcba61\" data-element_type=\"widget\" data-e-type=\"widget\" data-settings=\"{&quot;_animation&quot;:&quot;bounce&quot;,&quot;_animation_delay&quot;:9000}\" data-widget_type=\"text-editor.default\">\n\t\t\t\t<div class=\"elementor-widget-container\">\n\t\t\t\t\t\t\t\t\t<h6>Se voc\u00ea n\u00e3o foi redirecionado automaticamente, clique neste bot\u00e3o para ir diretamente ao nosso atendimento.<\/h6>\t\t\t\t\t\t\t\t<\/div>\n\t\t\t\t<\/div>\n\t\t\t\t<\/div>\n\t\t<div class=\"elementor-element elementor-element-56868e3e e-con-full e-flex e-con e-child\" data-id=\"56868e3e\" data-element_type=\"container\" data-e-type=\"container\">\n\t\t\t\t<div class=\"elementor-element elementor-element-4b50370 elementor-invisible elementor-widget elementor-widget-image\" data-id=\"4b50370\" data-element_type=\"widget\" data-e-type=\"widget\" data-settings=\"{&quot;_animation&quot;:&quot;fadeInRight&quot;}\" data-widget_type=\"image.default\">\n\t\t\t\t<div class=\"elementor-widget-container\">\n\t\t\t\t\t\t\t\t\t\t\t\t\t\t\t<img decoding=\"async\" width=\"348\" height=\"344\" src=\"https:\/\/congressodeclinicas.com.br\/4cicm\/wp-content\/uploads\/2025\/06\/inscricao.png\" class=\"attachment-full size-full wp-image-1305\" alt=\"\" srcset=\"https:\/\/congressodeclinicas.com.br\/4cicm\/wp-content\/uploads\/2025\/06\/inscricao.png 348w, https:\/\/congressodeclinicas.com.br\/4cicm\/wp-content\/uploads\/2025\/06\/inscricao-300x297.png 300w\" sizes=\"(max-width: 348px) 100vw, 348px\" \/>\t\t\t\t\t\t\t\t\t\t\t\t\t\t\t<\/div>\n\t\t\t\t<\/div>\n\t\t\t\t<div class=\"elementor-element elementor-element-55d19dd elementor-widget elementor-widget-html\" data-id=\"55d19dd\" data-element_type=\"widget\" data-e-type=\"widget\" data-widget_type=\"html.default\">\n\t\t\t\t<div class=\"elementor-widget-container\">\n\t\t\t\t\t<meta http-equiv=\"refresh\" content=\"5; url=https:\/\/wa.me\/5562981690571?text=Fazer%20minha%20inscri\u00e7\u00e3o.\">\t\t\t\t<\/div>\n\t\t\t\t<\/div>\n\t\t\t\t<div class=\"elementor-element elementor-element-42e53d5 elementor-widget elementor-widget-html\" data-id=\"42e53d5\" data-element_type=\"widget\" data-e-type=\"widget\" data-widget_type=\"html.default\">\n\t\t\t\t<div class=\"elementor-widget-container\">\n\t\t\t\t\t<script>\n  fbq('track', 'Lead');\n<\/script>\t\t\t\t<\/div>\n\t\t\t\t<\/div>\n\t\t\t\t<\/div>\n\t\t\t\t\t<\/div>\n\t\t\t\t<\/div>\n\t\t\t\t<\/div>\n\t\t","protected":false},"excerpt":{"rendered":"<p>Voc\u00ea ser\u00e1 redirecionado Voc\u00ea est\u00e1 sendo redirecionado para um de nossos especialistas. Aguarde um momento&#8230; Iniciar Conversa Agora Se voc\u00ea n\u00e3o foi redirecionado automaticamente, clique neste bot\u00e3o para ir diretamente ao nosso atendimento.<\/p>\n","protected":false},"author":1,"featured_media":0,"parent":0,"menu_order":0,"comment_status":"closed","ping_status":"closed","template":"elementor_canvas","meta":{"footnotes":""},"class_list":["post-1260","page","type-page","status-publish","hentry"],"_links":{"self":[{"href":"https:\/\/congressodeclinicas.com.br\/4cicm\/wp-json\/wp\/v2\/pages\/1260","targetHints":{"allow":["GET"]}}],"collection":[{"href":"https:\/\/congressodeclinicas.com.br\/4cicm\/wp-json\/wp\/v2\/pages"}],"about":[{"href":"https:\/\/congressodeclinicas.com.br\/4cicm\/wp-json\/wp\/v2\/types\/page"}],"author":[{"embeddable":true,"href":"https:\/\/congressodeclinicas.com.br\/4cicm\/wp-json\/wp\/v2\/users\/1"}],"replies":[{"embeddable":true,"href":"https:\/\/congressodeclinicas.com.br\/4cicm\/wp-json\/wp\/v2\/comments?post=1260"}],"version-history":[{"count":77,"href":"https:\/\/congressodeclinicas.com.br\/4cicm\/wp-json\/wp\/v2\/pages\/1260\/revisions"}],"predecessor-version":[{"id":1583,"href":"https:\/\/congressodeclinicas.com.br\/4cicm\/wp-json\/wp\/v2\/pages\/1260\/revisions\/1583"}],"wp:attachment":[{"href":"https:\/\/congressodeclinicas.com.br\/4cicm\/wp-json\/wp\/v2\/media?parent=1260"}],"curies":[{"name":"wp","href":"https:\/\/api.w.org\/{rel}","templated":true}]}}