{"id":2,"date":"2025-05-26T21:33:40","date_gmt":"2025-05-26T21:33:40","guid":{"rendered":"https:\/\/congressodeclinicas.com.br\/4cicm\/?page_id=2"},"modified":"2025-06-12T13:26:40","modified_gmt":"2025-06-12T16:26:40","slug":"inscricao","status":"publish","type":"page","link":"https:\/\/congressodeclinicas.com.br\/4cicm\/inscricao\/","title":{"rendered":"Fa\u00e7a sua Inscri\u00e7\u00e3o"},"content":{"rendered":"\t\t<div data-elementor-type=\"wp-page\" data-elementor-id=\"2\" class=\"elementor elementor-2\" data-elementor-post-type=\"page\">\n\t\t\t\t<div class=\"elementor-element elementor-element-50b241f0 e-flex e-con-boxed e-con e-parent\" data-id=\"50b241f0\" data-element_type=\"container\" data-e-type=\"container\" data-settings=\"{&quot;background_background&quot;:&quot;video&quot;,&quot;background_video_link&quot;:&quot;https:\\\/\\\/youtu.be\\\/Lk1Pb88_QeQ&quot;,&quot;background_video_start&quot;:0}\">\n\t\t\t\t\t<div class=\"e-con-inner\">\n\t\t<div class=\"elementor-background-video-container elementor-hidden-mobile\">\n\t\t\t\t\t\t\t<div class=\"elementor-background-video-embed\" role=\"presentation\"><\/div>\n\t\t\t\t\t\t<\/div><div class=\"elementor-element elementor-element-1973cbb3 e-con-full e-flex e-con e-child\" data-id=\"1973cbb3\" data-element_type=\"container\" data-e-type=\"container\">\n\t\t\t\t<div class=\"elementor-element elementor-element-1d1036b0 animated-slow e-transform elementor-invisible elementor-widget elementor-widget-image\" data-id=\"1d1036b0\" data-element_type=\"widget\" data-e-type=\"widget\" data-settings=\"{&quot;_animation&quot;:&quot;tada&quot;,&quot;_animation_delay&quot;:500,&quot;_transform_rotateZ_effect&quot;:{&quot;unit&quot;:&quot;px&quot;,&quot;size&quot;:17,&quot;sizes&quot;:[]},&quot;_transform_rotate_3d&quot;:&quot;yes&quot;,&quot;_transform_rotateX_effect&quot;:{&quot;unit&quot;:&quot;px&quot;,&quot;size&quot;:0,&quot;sizes&quot;:[]},&quot;_transform_rotateY_effect&quot;:{&quot;unit&quot;:&quot;px&quot;,&quot;size&quot;:-1,&quot;sizes&quot;:[]},&quot;_transform_perspective_effect&quot;:{&quot;unit&quot;:&quot;px&quot;,&quot;size&quot;:40,&quot;sizes&quot;:[]},&quot;_transform_rotateZ_effect_tablet&quot;:{&quot;unit&quot;:&quot;deg&quot;,&quot;size&quot;:&quot;&quot;,&quot;sizes&quot;:[]},&quot;_transform_rotateZ_effect_mobile&quot;:{&quot;unit&quot;:&quot;deg&quot;,&quot;size&quot;:&quot;&quot;,&quot;sizes&quot;:[]},&quot;_transform_rotateX_effect_tablet&quot;:{&quot;unit&quot;:&quot;deg&quot;,&quot;size&quot;:&quot;&quot;,&quot;sizes&quot;:[]},&quot;_transform_rotateX_effect_mobile&quot;:{&quot;unit&quot;:&quot;deg&quot;,&quot;size&quot;:&quot;&quot;,&quot;sizes&quot;:[]},&quot;_transform_rotateY_effect_tablet&quot;:{&quot;unit&quot;:&quot;deg&quot;,&quot;size&quot;:&quot;&quot;,&quot;sizes&quot;:[]},&quot;_transform_rotateY_effect_mobile&quot;:{&quot;unit&quot;:&quot;deg&quot;,&quot;size&quot;:&quot;&quot;,&quot;sizes&quot;:[]},&quot;_transform_perspective_effect_tablet&quot;:{&quot;unit&quot;:&quot;px&quot;,&quot;size&quot;:&quot;&quot;,&quot;sizes&quot;:[]},&quot;_transform_perspective_effect_mobile&quot;:{&quot;unit&quot;:&quot;px&quot;,&quot;size&quot;:&quot;&quot;,&quot;sizes&quot;:[]}}\" data-widget_type=\"image.default\">\n\t\t\t\t<div class=\"elementor-widget-container\">\n\t\t\t\t\t\t\t\t\t\t\t\t\t\t\t<img fetchpriority=\"high\" decoding=\"async\" width=\"800\" height=\"800\" src=\"https:\/\/congressodeclinicas.com.br\/4cicm\/wp-content\/uploads\/2025\/05\/download-1024x1024.png\" class=\"attachment-large size-large wp-image-417\" alt=\"\" srcset=\"https:\/\/congressodeclinicas.com.br\/4cicm\/wp-content\/uploads\/2025\/05\/download-1024x1024.png 1024w, https:\/\/congressodeclinicas.com.br\/4cicm\/wp-content\/uploads\/2025\/05\/download-300x300.png 300w, https:\/\/congressodeclinicas.com.br\/4cicm\/wp-content\/uploads\/2025\/05\/download-150x150.png 150w, https:\/\/congressodeclinicas.com.br\/4cicm\/wp-content\/uploads\/2025\/05\/download-768x768.png 768w, https:\/\/congressodeclinicas.com.br\/4cicm\/wp-content\/uploads\/2025\/05\/download-1536x1536.png 1536w, https:\/\/congressodeclinicas.com.br\/4cicm\/wp-content\/uploads\/2025\/05\/download.png 2000w\" sizes=\"(max-width: 800px) 100vw, 800px\" \/>\t\t\t\t\t\t\t\t\t\t\t\t\t\t\t<\/div>\n\t\t\t\t<\/div>\n\t\t\t\t<\/div>\n\t\t<div class=\"elementor-element elementor-element-c51db52 e-con-full e-flex e-con e-child\" data-id=\"c51db52\" data-element_type=\"container\" data-e-type=\"container\" data-settings=\"{&quot;background_background&quot;:&quot;classic&quot;}\">\n\t\t\t\t<div class=\"elementor-element elementor-element-4e2e3b6f elementor-widget elementor-widget-heading\" data-id=\"4e2e3b6f\" data-element_type=\"widget\" data-e-type=\"widget\" data-widget_type=\"heading.default\">\n\t\t\t\t<div class=\"elementor-widget-container\">\n\t\t\t\t\t<h6 class=\"elementor-heading-title elementor-size-default\">fa\u00e7a sua inscri\u00e7\u00e3o<\/h6>\t\t\t\t<\/div>\n\t\t\t\t<\/div>\n\t\t\t\t<div class=\"elementor-element elementor-element-7b21e1c2 elementor-invisible elementor-widget elementor-widget-heading\" data-id=\"7b21e1c2\" data-element_type=\"widget\" data-e-type=\"widget\" data-settings=\"{&quot;_animation&quot;:&quot;fadeInDown&quot;,&quot;_animation_delay&quot;:200}\" data-widget_type=\"heading.default\">\n\t\t\t\t<div class=\"elementor-widget-container\">\n\t\t\t\t\t<h2 class=\"elementor-heading-title elementor-size-default\">Chegou a hora de avan\u00e7ar e se desenvolver muito!<\/h2>\t\t\t\t<\/div>\n\t\t\t\t<\/div>\n\t\t\t\t<div class=\"elementor-element elementor-element-2a2fd6a8 elementor-invisible elementor-widget elementor-widget-heading\" data-id=\"2a2fd6a8\" data-element_type=\"widget\" data-e-type=\"widget\" data-settings=\"{&quot;_animation&quot;:&quot;fadeInUp&quot;,&quot;_animation_delay&quot;:300}\" data-widget_type=\"heading.default\">\n\t\t\t\t<div class=\"elementor-widget-container\">\n\t\t\t\t\t<div class=\"elementor-heading-title elementor-size-default\">N\u00e3o perca a oportunidade de <b>realizar sua inscri\u00e7\u00e3o<\/b> para o 4\u00ba CICM que acontecer\u00e1 nos <b>dias 05, 06 e 07 de setembro de 2025<\/b>, realizando sua inscri\u00e7\u00e3o agora mesmo com esta <b>oportunidade \u00fanica<\/b>!<\/div>\t\t\t\t<\/div>\n\t\t\t\t<\/div>\n\t\t\t\t<div class=\"elementor-element elementor-element-8302d76 elementor-invisible elementor-widget elementor-widget-heading\" data-id=\"8302d76\" data-element_type=\"widget\" data-e-type=\"widget\" data-settings=\"{&quot;_animation&quot;:&quot;fadeInDown&quot;,&quot;_animation_delay&quot;:200}\" data-widget_type=\"heading.default\">\n\t\t\t\t<div class=\"elementor-widget-container\">\n\t\t\t\t\t<h5 class=\"elementor-heading-title elementor-size-default\">Tire todas as suas d\u00favidas sobre como fazer sua inscri\u00e7\u00e3o e aproveitar esta condi\u00e7\u00e3o super especial!<\/h5>\t\t\t\t<\/div>\n\t\t\t\t<\/div>\n\t\t\t\t<\/div>\n\t\t\t\t\t<\/div>\n\t\t\t\t<\/div>\n\t\t<div class=\"elementor-element elementor-element-75944f21 e-flex e-con-boxed e-con e-parent\" data-id=\"75944f21\" data-element_type=\"container\" data-e-type=\"container\">\n\t\t\t\t\t<div class=\"e-con-inner\">\n\t\t<div class=\"elementor-element elementor-element-3620abca e-con-full e-flex e-con e-child\" data-id=\"3620abca\" data-element_type=\"container\" data-e-type=\"container\">\n\t\t\t\t<div class=\"elementor-element elementor-element-2417cc0f elementor-widget elementor-widget-heading\" data-id=\"2417cc0f\" data-element_type=\"widget\" data-e-type=\"widget\" data-widget_type=\"heading.default\">\n\t\t\t\t<div class=\"elementor-widget-container\">\n\t\t\t\t\t<h3 class=\"elementor-heading-title elementor-size-default\">Lotes de Venda<\/h3>\t\t\t\t<\/div>\n\t\t\t\t<\/div>\n\t\t\t\t<div class=\"elementor-element elementor-element-bc02a92 elementor-widget elementor-widget-image\" data-id=\"bc02a92\" data-element_type=\"widget\" data-e-type=\"widget\" data-widget_type=\"image.default\">\n\t\t\t\t<div class=\"elementor-widget-container\">\n\t\t\t\t\t\t\t\t\t\t\t\t\t\t\t<img decoding=\"async\" width=\"800\" height=\"559\" src=\"https:\/\/congressodeclinicas.com.br\/4cicm\/wp-content\/uploads\/2025\/06\/preco-lote.png\" class=\"attachment-large size-large wp-image-1364\" alt=\"\" srcset=\"https:\/\/congressodeclinicas.com.br\/4cicm\/wp-content\/uploads\/2025\/06\/preco-lote.png 882w, https:\/\/congressodeclinicas.com.br\/4cicm\/wp-content\/uploads\/2025\/06\/preco-lote-300x210.png 300w, https:\/\/congressodeclinicas.com.br\/4cicm\/wp-content\/uploads\/2025\/06\/preco-lote-768x536.png 768w\" sizes=\"(max-width: 800px) 100vw, 800px\" \/>\t\t\t\t\t\t\t\t\t\t\t\t\t\t\t<\/div>\n\t\t\t\t<\/div>\n\t\t\t\t<div class=\"elementor-element elementor-element-93d9e5c elementor-invisible elementor-widget elementor-widget-text-editor\" data-id=\"93d9e5c\" data-element_type=\"widget\" data-e-type=\"widget\" data-settings=\"{&quot;_animation&quot;:&quot;slideInDown&quot;}\" data-widget_type=\"text-editor.default\">\n\t\t\t\t<div class=\"elementor-widget-container\">\n\t\t\t\t\t\t\t\t\t<h6 style=\"text-align: center;\">N\u00e3o perca tempo e entre em contato com nossa equipe de atendimento comercial agora mesmo, e aproveite esta grande vantagem! Lembre-se de que esta oferta \u00e9 por tempo limitado, e pode esgotar a qualquer momento!<\/h6>\t\t\t\t\t\t\t\t<\/div>\n\t\t\t\t<\/div>\n\t\t\t\t<div class=\"elementor-element elementor-element-29ae4958 elementor-align-center elementor-mobile-align-justify elementor-widget elementor-widget-button\" data-id=\"29ae4958\" data-element_type=\"widget\" data-e-type=\"widget\" data-widget_type=\"button.default\">\n\t\t\t\t<div class=\"elementor-widget-container\">\n\t\t\t\t\t\t\t\t\t<div class=\"elementor-button-wrapper\">\n\t\t\t\t\t<a class=\"elementor-button elementor-button-link elementor-size-sm\" href=\"https:\/\/congressodeclinicas.com.br\/4cicm\/redirecionamento\/\">\n\t\t\t\t\t\t<span class=\"elementor-button-content-wrapper\">\n\t\t\t\t\t\t\t\t\t<span class=\"elementor-button-text\">Fazer minha Inscri\u00e7\u00e3o<\/span>\n\t\t\t\t\t<\/span>\n\t\t\t\t\t<\/a>\n\t\t\t\t<\/div>\n\t\t\t\t\t\t\t\t<\/div>\n\t\t\t\t<\/div>\n\t\t\t\t<\/div>\n\t\t<div class=\"elementor-element elementor-element-542aadc e-con-full e-flex e-con e-child\" data-id=\"542aadc\" data-element_type=\"container\" data-e-type=\"container\">\n\t\t<div class=\"elementor-element elementor-element-5cc06644 e-flex e-con-boxed e-con e-child\" data-id=\"5cc06644\" data-element_type=\"container\" data-e-type=\"container\" data-settings=\"{&quot;background_background&quot;:&quot;gradient&quot;}\">\n\t\t\t\t\t<div class=\"e-con-inner\">\n\t\t\t\t<div class=\"elementor-element elementor-element-552aff7 elementor-widget elementor-widget-heading\" data-id=\"552aff7\" data-element_type=\"widget\" data-e-type=\"widget\" data-widget_type=\"heading.default\">\n\t\t\t\t<div class=\"elementor-widget-container\">\n\t\t\t\t\t<h3 class=\"elementor-heading-title elementor-size-default\">Novidade!<\/h3>\t\t\t\t<\/div>\n\t\t\t\t<\/div>\n\t\t\t\t<div class=\"elementor-element elementor-element-594759f elementor-invisible elementor-widget elementor-widget-image\" data-id=\"594759f\" data-element_type=\"widget\" data-e-type=\"widget\" data-settings=\"{&quot;_animation&quot;:&quot;bounceIn&quot;,&quot;_animation_delay&quot;:600}\" data-widget_type=\"image.default\">\n\t\t\t\t<div class=\"elementor-widget-container\">\n\t\t\t\t\t\t\t\t\t\t\t\t\t\t\t<img decoding=\"async\" width=\"800\" height=\"396\" src=\"https:\/\/congressodeclinicas.com.br\/4cicm\/wp-content\/uploads\/2025\/05\/leve-de-graca-1.png\" class=\"attachment-large size-large wp-image-462\" alt=\"\" srcset=\"https:\/\/congressodeclinicas.com.br\/4cicm\/wp-content\/uploads\/2025\/05\/leve-de-graca-1.png 999w, https:\/\/congressodeclinicas.com.br\/4cicm\/wp-content\/uploads\/2025\/05\/leve-de-graca-1-300x149.png 300w, https:\/\/congressodeclinicas.com.br\/4cicm\/wp-content\/uploads\/2025\/05\/leve-de-graca-1-768x381.png 768w\" sizes=\"(max-width: 800px) 100vw, 800px\" \/>\t\t\t\t\t\t\t\t\t\t\t\t\t\t\t<\/div>\n\t\t\t\t<\/div>\n\t\t\t\t<div class=\"elementor-element elementor-element-1b92a000 elementor-widget elementor-widget-text-editor\" data-id=\"1b92a000\" data-element_type=\"widget\" data-e-type=\"widget\" data-settings=\"{&quot;_animation&quot;:&quot;none&quot;}\" data-widget_type=\"text-editor.default\">\n\t\t\t\t<div class=\"elementor-widget-container\">\n\t\t\t\t\t\t\t\t\t<p>N\u00f3s valorizamos quem entende a necessidade de obter conhecimento e tamb\u00e9m transbordar conhecimento para a vida de outras pessoas, principalmente de seu time!<\/p><p><strong>Entre em contato e saiba como trazer seu gerente gratuitamente para o 4\u00baCICM em Goi\u00e2nia-GO.<\/strong><\/p>\t\t\t\t\t\t\t\t<\/div>\n\t\t\t\t<\/div>\n\t\t\t\t<div class=\"elementor-element elementor-element-6d1f89f9 elementor-align-justify elementor-widget elementor-widget-button\" data-id=\"6d1f89f9\" data-element_type=\"widget\" data-e-type=\"widget\" data-widget_type=\"button.default\">\n\t\t\t\t<div class=\"elementor-widget-container\">\n\t\t\t\t\t\t\t\t\t<div class=\"elementor-button-wrapper\">\n\t\t\t\t\t<a class=\"elementor-button elementor-button-link elementor-size-md\" href=\"https:\/\/congressodeclinicas.com.br\/4cicm\/redirecionamento\/\">\n\t\t\t\t\t\t<span class=\"elementor-button-content-wrapper\">\n\t\t\t\t\t\t\t\t\t<span class=\"elementor-button-text\">Eu Quero!<\/span>\n\t\t\t\t\t<\/span>\n\t\t\t\t\t<\/a>\n\t\t\t\t<\/div>\n\t\t\t\t\t\t\t\t<\/div>\n\t\t\t\t<\/div>\n\t\t\t\t\t<\/div>\n\t\t\t\t<\/div>\n\t\t\t\t<\/div>\n\t\t\t\t\t<\/div>\n\t\t\t\t<\/div>\n\t\t\t\t<\/div>\n\t\t","protected":false},"excerpt":{"rendered":"<p>fa\u00e7a sua inscri\u00e7\u00e3o Chegou a hora de avan\u00e7ar e se desenvolver muito! N\u00e3o perca a oportunidade de realizar sua inscri\u00e7\u00e3o para o 4\u00ba CICM que acontecer\u00e1 nos dias 05, 06 e 07 de setembro de 2025, realizando sua inscri\u00e7\u00e3o agora mesmo com esta oportunidade \u00fanica! Tire todas as suas d\u00favidas sobre como fazer sua inscri\u00e7\u00e3o [&hellip;]<\/p>\n","protected":false},"author":1,"featured_media":0,"parent":0,"menu_order":0,"comment_status":"closed","ping_status":"closed","template":"elementor_header_footer","meta":{"footnotes":""},"class_list":["post-2","page","type-page","status-publish","hentry"],"_links":{"self":[{"href":"https:\/\/congressodeclinicas.com.br\/4cicm\/wp-json\/wp\/v2\/pages\/2","targetHints":{"allow":["GET"]}}],"collection":[{"href":"https:\/\/congressodeclinicas.com.br\/4cicm\/wp-json\/wp\/v2\/pages"}],"about":[{"href":"https:\/\/congressodeclinicas.com.br\/4cicm\/wp-json\/wp\/v2\/types\/page"}],"author":[{"embeddable":true,"href":"https:\/\/congressodeclinicas.com.br\/4cicm\/wp-json\/wp\/v2\/users\/1"}],"replies":[{"embeddable":true,"href":"https:\/\/congressodeclinicas.com.br\/4cicm\/wp-json\/wp\/v2\/comments?post=2"}],"version-history":[{"count":101,"href":"https:\/\/congressodeclinicas.com.br\/4cicm\/wp-json\/wp\/v2\/pages\/2\/revisions"}],"predecessor-version":[{"id":1371,"href":"https:\/\/congressodeclinicas.com.br\/4cicm\/wp-json\/wp\/v2\/pages\/2\/revisions\/1371"}],"wp:attachment":[{"href":"https:\/\/congressodeclinicas.com.br\/4cicm\/wp-json\/wp\/v2\/media?parent=2"}],"curies":[{"name":"wp","href":"https:\/\/api.w.org\/{rel}","templated":true}]}}